{"id":2,"date":"2017-10-29T19:44:08","date_gmt":"2017-10-29T19:44:08","guid":{"rendered":"http:\/\/liceulretezat.ro\/?page_id=2"},"modified":"2017-10-29T20:01:26","modified_gmt":"2017-10-29T20:01:26","slug":"sample-page","status":"publish","type":"page","link":"https:\/\/liceulretezat.ro\/?page_id=2","title":{"rendered":"Scurt istoric"},"content":{"rendered":"<p><span lang=\"RO\">Liceul Tehnologic &#8222;RETEZAT&#8221; este situat \u00een ora\u015ful Uricani, \u00een zona numit\u0103 Valea Jiului, din sudul jude\u0163ului Hunedoara.<\/span><\/p>\n<p><span lang=\"RO\">Odat\u0103 cu dezvoltarea ora\u015fului Uricani, prin cre\u015fterea capacit\u0103\u0163ilor de extrac\u0163ie a c\u0103rbunelui din zon\u0103, a ap\u0103rut necesitatea extinderii re\u0163elei \u015fcolare de pe raza ora\u015fului.\u00a0<\/span>Astfel c\u0103 \u00een data de 15 septembrie 1961 a fost \u00eenfiin\u0163at\u0103 \u015ecoala General\u0103 Uricani. Aceasta a \u00eenceput s\u0103 func\u0163ioneze \u00eentr-un local propriu, nou construit pentru aceast\u0103 destina\u0163ie. \u00cen perioada 1961-1965 unitatea a func\u0163ionat ca \u015ecoal\u0103 General\u0103 cu 7 clase.<\/p>\n<p>Odat\u0103 cu cre\u015fterea\u00a0\u00a0num\u0103rului de elevi, precum \u015fi datorit\u0103 faptului c\u0103 prima genera\u0163ie de elevi a ajuns la nivelul clasei a VII-a, a ap\u0103rut necesitatea \u00eenfiin\u0163\u0103rii unor clase de liceu. Astfel \u00een perioada 1965-1975 unitatea a func\u0163ionat ca liceu av\u00e2nd at\u00e2t cursuri de zi c\u00e2t \u015fi cursuri seral.<\/p>\n<p>\u00cencep\u00e2nd cu anul 1976, unitatea noastr\u0103 a func\u0163ionat ca \u015ecoal\u0103 General\u0103 cu 10 clase, iar mai apoi ca \u015ecoal\u0103 General\u0103 cu clasele I-VIII.<\/p>\n<p>\u00cen anul 1982, \u00een ora\u015f s-a \u00eenfiin\u0163at \u015ecoala General\u0103 Nr. 2. O mare parte din resursele umane ale acestei \u015fcoli au fost recrutate din r\u00e2ndul cadrelor didactice de la \u015ecoala General\u0103 Nr. 1 Uricani.<\/p>\n<p>Din cauza sc\u0103derii popula\u0163iei \u015fcolare din localit\u0103\u0163ile Buta \u015fi C\u00eempu lui Neag, \u00een anul \u015fcolar 2002-2003, \u015ecoala Primar\u0103 Buta \u015fi \u015ecoala General\u0103 C\u00eempu lui Neag au fost arondate, ca structuri, \u015ecolii Generale Nr. 1 Uricani. Tot atunci, elevii\u00a0din\u00a0ciclul gimnazial de la \u015ecoala din C\u00e2mpu lui Neag au fost transfera\u0163i la unitatea noastr\u0103.<\/p>\n<p>\u00cen februarie 2005, \u015ecoala Primar\u0103 Buta a fost desfiin\u0163at\u0103, elevii de la aceast\u0103 \u015fcoal\u0103 au fost muta\u0163i la \u015ecoala Primar\u0103 C\u00e2mpu lui Neag.<\/p>\n<p>\u00cencep\u00e2nd cu anul \u015fcolar 2010-2011, prin programul de restructurare a re\u0163elei \u015fcolare ini\u0163iat \u015fi derulat de Inspectoratul \u0218colar al Jude\u0163ului Hunedoara, unit\u0103\u0163ii noastre i-au fost arondate ca structuri \u015ecoala General\u0103 Nr. 2 Uricani precum \u015fi Gr\u0103dini\u0163a P.N.1 Uricani. Astfel, \u00eentreaga re\u0163ea de \u00eenv\u0103\u0163\u0103m\u00e2nt din ora\u015ful Uricani a fost organizat\u0103 \u00een cadrul unei singure unit\u0103\u0163i \u015fcolare cu personalitate juridic\u0103, aceasta fiind \u015ecoala General\u0103 Nr. 1 Uricani.<\/p>\n<p>\u00cen cursul anului \u0219colar 2010-2011 se fac demersuri pentru \u00eenfiin\u021barea unor clase de nivel liceal \u00een cadrul unit\u0103\u021bii. Prin ordinul de ministru 5915\/23.12.2010 se aprob\u0103 \u00eenfiintarea Grupului \u0218colar &#8222;RETEZAT&#8221; Uricani pe structura \u015ecolii Generale Nr. 1 Uricani \u00een cadrul c\u0103ruia s\u0103 func\u021bioneze clase de nivel liceal, filiera tehnologic\u0103, profil Servicii, domeniul Turism \u0219i alimenta\u021bie respectiv profilul Tehnic, domeniul Fabricarea produselor din lemn.<\/p>\n<p>\u00cencep\u00e2nd cu anul \u015fcolar 2012-2013 unitatea noastr\u0103 poart\u0103 denumirea LICEUL TEHNOLOGIC \u201eRETEZAT\u201d URICANI, \u00een cadrul c\u0103reia func\u0163ioneaz\u0103 clase de nivel liceal \u015fi profesional, filiera tehnologic\u0103.\u00a0Aceste clase\u00a0<span lang=\"RO\">\u00eei vizeaz\u0103<\/span>\u00a0\u00een primul r\u00e2nd pe elevii din Uricani, dar \u015fi pe cei din Lupeni, Vulcan sau Petro\u015fani<\/p>\n","protected":false},"excerpt":{"rendered":"<p>Liceul Tehnologic &#8222;RETEZAT&#8221; este situat \u00een ora\u015ful Uricani, \u00een zona numit\u0103 Valea Jiului, din sudul jude\u0163ului Hunedoara. Odat\u0103 cu dezvoltarea ora\u015fului Uricani, prin cre\u015fterea capacit\u0103\u0163ilor de extrac\u0163ie a c\u0103rbunelui din zon\u0103, a ap\u0103rut necesitatea extinderii re\u0163elei \u015fcolare de pe raza <a href=\"https:\/\/liceulretezat.ro\/?page_id=2\" class=\"read-more\">Read More &#8230;<\/a><\/p>\n","protected":false},"author":1,"featured_media":0,"parent":0,"menu_order":0,"comment_status":"closed","ping_status":"open","template":"","meta":{"ngg_post_thumbnail":0,"footnotes":""},"class_list":["post-2","page","type-page","status-publish","hentry"],"_links":{"self":[{"href":"https:\/\/liceulretezat.ro\/index.php?rest_route=\/wp\/v2\/pages\/2","targetHints":{"allow":["GET"]}}],"collection":[{"href":"https:\/\/liceulretezat.ro\/index.php?rest_route=\/wp\/v2\/pages"}],"about":[{"href":"https:\/\/liceulretezat.ro\/index.php?rest_route=\/wp\/v2\/types\/page"}],"author":[{"embeddable":true,"href":"https:\/\/liceulretezat.ro\/index.php?rest_route=\/wp\/v2\/users\/1"}],"replies":[{"embeddable":true,"href":"https:\/\/liceulretezat.ro\/index.php?rest_route=%2Fwp%2Fv2%2Fcomments&post=2"}],"version-history":[{"count":2,"href":"https:\/\/liceulretezat.ro\/index.php?rest_route=\/wp\/v2\/pages\/2\/revisions"}],"predecessor-version":[{"id":8,"href":"https:\/\/liceulretezat.ro\/index.php?rest_route=\/wp\/v2\/pages\/2\/revisions\/8"}],"wp:attachment":[{"href":"https:\/\/liceulretezat.ro\/index.php?rest_route=%2Fwp%2Fv2%2Fmedia&parent=2"}],"curies":[{"name":"wp","href":"https:\/\/api.w.org\/{rel}","templated":true}]}}